{"id":33,"date":"2024-03-25T08:37:42","date_gmt":"2024-03-25T08:37:42","guid":{"rendered":"http:\/\/www.riegosdelevante.com\/?page_id=33"},"modified":"2025-10-31T18:13:33","modified_gmt":"2025-10-31T18:13:33","slug":"certificaciones","status":"publish","type":"page","link":"https:\/\/www.riegosdelevante.com\/index.php\/certificaciones\/","title":{"rendered":"Certificaciones"},"content":{"rendered":"\t\t<div data-elementor-type=\"wp-page\" data-elementor-id=\"33\" class=\"elementor elementor-33\" data-elementor-settings=\"{&quot;ha_cmc_init_switcher&quot;:&quot;no&quot;}\" data-elementor-post-type=\"page\">\n\t\t\t\t<div class=\"elementor-element elementor-element-be141af e-flex e-con-boxed e-con e-parent\" data-id=\"be141af\" data-element_type=\"container\" data-e-type=\"container\" data-settings=\"{&quot;background_background&quot;:&quot;classic&quot;,&quot;shape_divider_bottom&quot;:&quot;arrow&quot;,&quot;shape_divider_bottom_negative&quot;:&quot;yes&quot;,&quot;_ha_eqh_enable&quot;:false}\">\n\t\t\t\t\t<div class=\"e-con-inner\">\n\t\t\t\t<div class=\"elementor-shape elementor-shape-bottom\" aria-hidden=\"true\" data-negative=\"true\">\n\t\t\t<svg xmlns=\"http:\/\/www.w3.org\/2000\/svg\" viewBox=\"0 0 700 10\" preserveAspectRatio=\"none\">\n\t<path class=\"elementor-shape-fill\" d=\"M360 0L350 9.9 340 0 0 0 0 10 700 10 700 0\"\/>\n<\/svg>\t\t<\/div>\n\t\t<div class=\"elementor-element elementor-element-f3459bb e-flex e-con-boxed e-con e-child\" data-id=\"f3459bb\" data-element_type=\"container\" data-e-type=\"container\" data-settings=\"{&quot;_ha_eqh_enable&quot;:false}\">\n\t\t\t\t\t<div class=\"e-con-inner\">\n\t\t\t\t<div class=\"elementor-element elementor-element-40694f4 elementor-widget elementor-widget-text-editor\" data-id=\"40694f4\" data-element_type=\"widget\" data-e-type=\"widget\" data-widget_type=\"text-editor.default\">\n\t\t\t\t<div class=\"elementor-widget-container\">\n\t\t\t\t\t\t\t\t\t<p>Certificaciones<\/p>\t\t\t\t\t\t\t\t<\/div>\n\t\t\t\t<\/div>\n\t\t\t\t\t<\/div>\n\t\t\t\t<\/div>\n\t\t<div class=\"elementor-element elementor-element-2ddb4f7 e-flex e-con-boxed e-con e-child\" data-id=\"2ddb4f7\" data-element_type=\"container\" data-e-type=\"container\" data-settings=\"{&quot;_ha_eqh_enable&quot;:false}\">\n\t\t\t\t\t<div class=\"e-con-inner\">\n\t\t\t\t<div class=\"elementor-element elementor-element-1bbd826 elementor-widget elementor-widget-text-editor\" data-id=\"1bbd826\" data-element_type=\"widget\" data-e-type=\"widget\" data-widget_type=\"text-editor.default\">\n\t\t\t\t<div class=\"elementor-widget-container\">\n\t\t\t\t\t\t\t\t\t<p>Comprometidos con la calidad y el medio ambiente<\/p>\t\t\t\t\t\t\t\t<\/div>\n\t\t\t\t<\/div>\n\t\t\t\t\t<\/div>\n\t\t\t\t<\/div>\n\t\t\t\t\t<\/div>\n\t\t\t\t<\/div>\n\t\t<div class=\"elementor-element elementor-element-b0ca48c e-flex e-con-boxed e-con e-parent\" data-id=\"b0ca48c\" data-element_type=\"container\" data-e-type=\"container\" data-settings=\"{&quot;_ha_eqh_enable&quot;:false}\">\n\t\t\t\t\t<div class=\"e-con-inner\">\n\t\t<div class=\"elementor-element elementor-element-286f541 e-con-full e-flex e-con e-child\" data-id=\"286f541\" data-element_type=\"container\" data-e-type=\"container\" data-settings=\"{&quot;_ha_eqh_enable&quot;:false}\">\n\t\t\t\t<div class=\"elementor-element elementor-element-3da9013 elementor-widget elementor-widget-image\" data-id=\"3da9013\" data-element_type=\"widget\" data-e-type=\"widget\" data-widget_type=\"image.default\">\n\t\t\t\t<div class=\"elementor-widget-container\">\n\t\t\t\t\t\t\t\t\t\t\t\t\t\t\t<img fetchpriority=\"high\" decoding=\"async\" width=\"800\" height=\"695\" src=\"https:\/\/www.riegosdelevante.com\/wp-content\/uploads\/2024\/09\/LOGO-9_14_45_UKAS-1024x889.jpg\" class=\"attachment-large size-large wp-image-2011\" alt=\"CERTIFICADOS ISO\" srcset=\"https:\/\/www.riegosdelevante.com\/wp-content\/uploads\/2024\/09\/LOGO-9_14_45_UKAS-1024x889.jpg 1024w, https:\/\/www.riegosdelevante.com\/wp-content\/uploads\/2024\/09\/LOGO-9_14_45_UKAS-600x521.jpg 600w, https:\/\/www.riegosdelevante.com\/wp-content\/uploads\/2024\/09\/LOGO-9_14_45_UKAS-768x666.jpg 768w, https:\/\/www.riegosdelevante.com\/wp-content\/uploads\/2024\/09\/LOGO-9_14_45_UKAS-1536x1333.jpg 1536w, https:\/\/www.riegosdelevante.com\/wp-content\/uploads\/2024\/09\/LOGO-9_14_45_UKAS-2048x1777.jpg 2048w\" sizes=\"(max-width: 800px) 100vw, 800px\" \/>\t\t\t\t\t\t\t\t\t\t\t\t\t\t\t<\/div>\n\t\t\t\t<\/div>\n\t\t\t\t<\/div>\n\t\t<div class=\"elementor-element elementor-element-8653e0c e-con-full e-flex e-con e-child\" data-id=\"8653e0c\" data-element_type=\"container\" data-e-type=\"container\" data-settings=\"{&quot;background_background&quot;:&quot;classic&quot;,&quot;_ha_eqh_enable&quot;:false}\">\n\t\t\t\t<div class=\"elementor-element elementor-element-50d442d elementor-widget elementor-widget-text-editor\" data-id=\"50d442d\" data-element_type=\"widget\" data-e-type=\"widget\" data-widget_type=\"text-editor.default\">\n\t\t\t\t<div class=\"elementor-widget-container\">\n\t\t\t\t\t\t\t\t\t<p>Con el firme compromiso de ofrecer los mejores servicios a nuestros clientes y de mantener nuestras instalaciones y actividades con los m\u00e1ximos est\u00e1ndares de calidad y de una forma sostenible con el medio ambiente, Riegos de Levante Hell\u00edn, S.L. dispone de certificaciones de Seguridad y Salud en el trabajo, Calidad y Medio Ambiente conforme a las normas ISO 9001,&nbsp; ISO 14001, ISO 45001<\/p>\n<p>Nuestros productos y acciones cumplen las m\u00e1s altas exigencias de calidad certificada, para ofrecer al cliente un excelente servicio y seguridad con garant\u00edas.<\/p>\n<p>Puede consultar aqu\u00ed nuestra <a href=\"https:\/\/www.riegosdelevante.com\/wp-content\/uploads\/2024\/08\/Politica-de-calidad-gestion-ambiental-y-SST-2024.pdf\">Pol\u00edtica de Calidad, Medio Ambiente, Seguridad y Salud<\/a>.<\/p>\n<p>Tambi\u00e9n contamos con clasificaci\u00f3n por parte del Estado para la realizaci\u00f3n de obras hidr\u00e1ulicas y de edificaci\u00f3n.<\/p>\t\t\t\t\t\t\t\t<\/div>\n\t\t\t\t<\/div>\n\t\t\t\t<\/div>\n\t\t<div class=\"elementor-element elementor-element-3fd2034 e-con-full e-flex e-con e-child\" data-id=\"3fd2034\" data-element_type=\"container\" data-e-type=\"container\" data-settings=\"{&quot;_ha_eqh_enable&quot;:false}\">\n\t\t\t\t<div class=\"elementor-element elementor-element-d2d8ac1 elementor-widget elementor-widget-image\" data-id=\"d2d8ac1\" data-element_type=\"widget\" data-e-type=\"widget\" data-widget_type=\"image.default\">\n\t\t\t\t<div class=\"elementor-widget-container\">\n\t\t\t\t\t\t\t\t\t\t\t\t\t\t\t<img decoding=\"async\" width=\"768\" height=\"683\" src=\"https:\/\/www.riegosdelevante.com\/wp-content\/uploads\/2024\/04\/home_eco_blog3-900x800-1-768x683.jpg\" class=\"attachment-medium_large size-medium_large wp-image-646\" alt=\"Calidad y Medio Ambiente\" srcset=\"https:\/\/www.riegosdelevante.com\/wp-content\/uploads\/2024\/04\/home_eco_blog3-900x800-1-768x683.jpg 768w, https:\/\/www.riegosdelevante.com\/wp-content\/uploads\/2024\/04\/home_eco_blog3-900x800-1-300x267.jpg 300w, https:\/\/www.riegosdelevante.com\/wp-content\/uploads\/2024\/04\/home_eco_blog3-900x800-1.jpg 900w\" sizes=\"(max-width: 768px) 100vw, 768px\" \/>\t\t\t\t\t\t\t\t\t\t\t\t\t\t\t<\/div>\n\t\t\t\t<\/div>\n\t\t\t\t<\/div>\n\t\t\t\t\t<\/div>\n\t\t\t\t<\/div>\n\t\t<div class=\"elementor-element elementor-element-805da41 e-flex e-con-boxed e-con e-parent\" data-id=\"805da41\" data-element_type=\"container\" data-e-type=\"container\" data-settings=\"{&quot;_ha_eqh_enable&quot;:false}\">\n\t\t\t\t\t<div class=\"e-con-inner\">\n\t\t<div class=\"elementor-element elementor-element-4399b0f e-con-full e-flex e-con e-child\" data-id=\"4399b0f\" data-element_type=\"container\" data-e-type=\"container\" data-settings=\"{&quot;_ha_eqh_enable&quot;:false}\">\n\t\t\t\t<div class=\"elementor-element elementor-element-ffebdd4 elementor-widget elementor-widget-text-editor\" data-id=\"ffebdd4\" data-element_type=\"widget\" data-e-type=\"widget\" data-widget_type=\"text-editor.default\">\n\t\t\t\t<div class=\"elementor-widget-container\">\n\t\t\t\t\t\t\t\t\t<p>CLASIFICACI\u00d3N VIGENTE<\/p>\t\t\t\t\t\t\t\t<\/div>\n\t\t\t\t<\/div>\n\t\t\t\t<div class=\"elementor-element elementor-element-4d98d2b elementor-widget-divider--view-line elementor-widget elementor-widget-divider\" data-id=\"4d98d2b\" data-element_type=\"widget\" data-e-type=\"widget\" data-widget_type=\"divider.default\">\n\t\t\t\t<div class=\"elementor-widget-container\">\n\t\t\t\t\t\t\t<div class=\"elementor-divider\">\n\t\t\t<span class=\"elementor-divider-separator\">\n\t\t\t\t\t\t<\/span>\n\t\t<\/div>\n\t\t\t\t\t\t<\/div>\n\t\t\t\t<\/div>\n\t\t\t\t<\/div>\n\t\t<div class=\"elementor-element elementor-element-0b505e4 e-con-full e-flex e-con e-child\" data-id=\"0b505e4\" data-element_type=\"container\" data-e-type=\"container\" data-settings=\"{&quot;_ha_eqh_enable&quot;:false}\">\n\t\t\t\t<div class=\"elementor-element elementor-element-04bfad5 elementor-widget elementor-widget-text-editor\" data-id=\"04bfad5\" data-element_type=\"widget\" data-e-type=\"widget\" data-widget_type=\"text-editor.default\">\n\t\t\t\t<div class=\"elementor-widget-container\">\n\t\t\t\t\t\t\t\t\t<p style=\"text-align: center;\">Clasificaci\u00f3n vigente facilitada por el Registro Oficial de Licitadores y Empresas Clasificadas.<\/p>\t\t\t\t\t\t\t\t<\/div>\n\t\t\t\t<\/div>\n\t\t\t\t<\/div>\n\t\t<div class=\"elementor-element elementor-element-d54b586 e-con-full e-flex e-con e-child\" data-id=\"d54b586\" data-element_type=\"container\" data-e-type=\"container\" data-settings=\"{&quot;_ha_eqh_enable&quot;:false}\">\n\t\t\t\t<div class=\"elementor-element elementor-element-f96b449 elementor-widget elementor-widget-image\" data-id=\"f96b449\" data-element_type=\"widget\" data-e-type=\"widget\" data-widget_type=\"image.default\">\n\t\t\t\t<div class=\"elementor-widget-container\">\n\t\t\t\t\t\t\t\t\t\t\t\t\t\t\t<img decoding=\"async\" width=\"754\" height=\"239\" src=\"https:\/\/www.riegosdelevante.com\/wp-content\/uploads\/2024\/04\/Clasificacion_Vigente_3.png\" class=\"attachment-large size-large wp-image-668\" alt=\"Clasificaci\u00f3n Vigente\" srcset=\"https:\/\/www.riegosdelevante.com\/wp-content\/uploads\/2024\/04\/Clasificacion_Vigente_3.png 754w, https:\/\/www.riegosdelevante.com\/wp-content\/uploads\/2024\/04\/Clasificacion_Vigente_3-300x95.png 300w\" sizes=\"(max-width: 754px) 100vw, 754px\" \/>\t\t\t\t\t\t\t\t\t\t\t\t\t\t\t<\/div>\n\t\t\t\t<\/div>\n\t\t\t\t<\/div>\n\t\t\t\t\t<\/div>\n\t\t\t\t<\/div>\n\t\t<div class=\"elementor-element elementor-element-2bc9f8d e-grid e-con-boxed e-con e-parent\" data-id=\"2bc9f8d\" data-element_type=\"container\" data-e-type=\"container\" data-settings=\"{&quot;_ha_eqh_enable&quot;:false}\">\n\t\t\t\t\t<div class=\"e-con-inner\">\n\t\t\t\t<div class=\"elementor-element elementor-element-d453ffe elementor-widget elementor-widget-image\" data-id=\"d453ffe\" data-element_type=\"widget\" data-e-type=\"widget\" data-widget_type=\"image.default\">\n\t\t\t\t<div class=\"elementor-widget-container\">\n\t\t\t\t\t\t\t\t\t\t\t\t\t\t\t<img loading=\"lazy\" decoding=\"async\" width=\"665\" height=\"942\" src=\"https:\/\/www.riegosdelevante.com\/wp-content\/uploads\/2024\/09\/ISO-9001.png\" class=\"attachment-large size-large wp-image-2041\" alt=\"ISO 9001\" srcset=\"https:\/\/www.riegosdelevante.com\/wp-content\/uploads\/2024\/09\/ISO-9001.png 665w, https:\/\/www.riegosdelevante.com\/wp-content\/uploads\/2024\/09\/ISO-9001-424x600.png 424w\" sizes=\"(max-width: 665px) 100vw, 665px\" \/>\t\t\t\t\t\t\t\t\t\t\t\t\t\t\t<\/div>\n\t\t\t\t<\/div>\n\t\t\t\t<div class=\"elementor-element elementor-element-6a15765 elementor-widget elementor-widget-image\" data-id=\"6a15765\" data-element_type=\"widget\" data-e-type=\"widget\" data-widget_type=\"image.default\">\n\t\t\t\t<div class=\"elementor-widget-container\">\n\t\t\t\t\t\t\t\t\t\t\t\t\t\t\t<img loading=\"lazy\" decoding=\"async\" width=\"667\" height=\"941\" src=\"https:\/\/www.riegosdelevante.com\/wp-content\/uploads\/2024\/09\/ISO-14001.png\" class=\"attachment-large size-large wp-image-2042\" alt=\"ISO 14001 Gesti\u00f3n Medioambiental\" srcset=\"https:\/\/www.riegosdelevante.com\/wp-content\/uploads\/2024\/09\/ISO-14001.png 667w, https:\/\/www.riegosdelevante.com\/wp-content\/uploads\/2024\/09\/ISO-14001-425x600.png 425w\" sizes=\"(max-width: 667px) 100vw, 667px\" \/>\t\t\t\t\t\t\t\t\t\t\t\t\t\t\t<\/div>\n\t\t\t\t<\/div>\n\t\t\t\t<div class=\"elementor-element elementor-element-89f5f0c elementor-widget elementor-widget-image\" data-id=\"89f5f0c\" data-element_type=\"widget\" data-e-type=\"widget\" data-widget_type=\"image.default\">\n\t\t\t\t<div class=\"elementor-widget-container\">\n\t\t\t\t\t\t\t\t\t\t\t\t\t\t\t<img loading=\"lazy\" decoding=\"async\" width=\"665\" height=\"943\" src=\"https:\/\/www.riegosdelevante.com\/wp-content\/uploads\/2024\/09\/ISO-45001.png\" class=\"attachment-large size-large wp-image-2043\" alt=\"ISO 45001 Seguridad y Salud en el Trabajo\" srcset=\"https:\/\/www.riegosdelevante.com\/wp-content\/uploads\/2024\/09\/ISO-45001.png 665w, https:\/\/www.riegosdelevante.com\/wp-content\/uploads\/2024\/09\/ISO-45001-423x600.png 423w\" sizes=\"(max-width: 665px) 100vw, 665px\" \/>\t\t\t\t\t\t\t\t\t\t\t\t\t\t\t<\/div>\n\t\t\t\t<\/div>\n\t\t\t\t\t<\/div>\n\t\t\t\t<\/div>\n\t\t<div class=\"elementor-element elementor-element-2b63c95 e-flex e-con-boxed e-con e-parent\" data-id=\"2b63c95\" data-element_type=\"container\" data-e-type=\"container\" data-settings=\"{&quot;_ha_eqh_enable&quot;:false}\">\n\t\t\t\t\t<div class=\"e-con-inner\">\n\t\t\t\t<div class=\"elementor-element elementor-element-927fa62 elementor-widget elementor-widget-button\" data-id=\"927fa62\" data-element_type=\"widget\" data-e-type=\"widget\" data-widget_type=\"button.default\">\n\t\t\t\t<div class=\"elementor-widget-container\">\n\t\t\t\t\t\t\t\t\t<div class=\"elementor-button-wrapper\">\n\t\t\t\t\t<a class=\"elementor-button elementor-button-link elementor-size-sm\" href=\"\" target=\"_blank\">\n\t\t\t\t\t\t<span class=\"elementor-button-content-wrapper\">\n\t\t\t\t\t\t\t\t\t<span class=\"elementor-button-text\">Estas certificaciones pueden comprobarse en la p\u00e1gina de UKAS<\/span>\n\t\t\t\t\t<\/span>\n\t\t\t\t\t<\/a>\n\t\t\t\t<\/div>\n\t\t\t\t\t\t\t\t<\/div>\n\t\t\t\t<\/div>\n\t\t\t\t\t<\/div>\n\t\t\t\t<\/div>\n\t\t<div class=\"elementor-element elementor-element-38cd478 e-flex e-con-boxed e-con e-parent\" data-id=\"38cd478\" data-element_type=\"container\" data-e-type=\"container\" data-settings=\"{&quot;_ha_eqh_enable&quot;:false}\">\n\t\t\t\t\t<div class=\"e-con-inner\">\n\t\t<div class=\"elementor-element elementor-element-cb90614 e-con-full e-flex e-con e-child\" data-id=\"cb90614\" data-element_type=\"container\" data-e-type=\"container\" data-settings=\"{&quot;_ha_eqh_enable&quot;:false}\">\n\t\t\t\t<div class=\"elementor-element elementor-element-f85947c elementor-widget elementor-widget-image\" data-id=\"f85947c\" data-element_type=\"widget\" data-e-type=\"widget\" data-widget_type=\"image.default\">\n\t\t\t\t<div class=\"elementor-widget-container\">\n\t\t\t\t\t\t\t\t\t\t\t\t\t\t\t<img loading=\"lazy\" decoding=\"async\" width=\"278\" height=\"278\" src=\"https:\/\/www.riegosdelevante.com\/wp-content\/uploads\/2024\/11\/certificate_cepyme500_2024_original_solid_back-1.png\" class=\"attachment-large size-large wp-image-2348\" alt=\"Certificado Cepyme 500\" \/>\t\t\t\t\t\t\t\t\t\t\t\t\t\t\t<\/div>\n\t\t\t\t<\/div>\n\t\t\t\t<\/div>\n\t\t<div class=\"elementor-element elementor-element-a1fb96a e-con-full e-flex e-con e-child\" data-id=\"a1fb96a\" data-element_type=\"container\" data-e-type=\"container\" data-settings=\"{&quot;_ha_eqh_enable&quot;:false}\">\n\t\t\t\t<div class=\"elementor-element elementor-element-cdcdd7c elementor-widget elementor-widget-text-editor\" data-id=\"cdcdd7c\" data-element_type=\"widget\" data-e-type=\"widget\" data-widget_type=\"text-editor.default\">\n\t\t\t\t<div class=\"elementor-widget-container\">\n\t\t\t\t\t\t\t\t\t<h1><span style=\"color: #003366;\">Galard\u00f3n L\u00edderes en crecimiento Cepyme 500<\/span><\/h1><p>En octubre de 2024 obtuvimos este sello distintivo que nos acredita como una de las 500 empresas de Espa\u00f1a con mayor crecimiento y nos da acceso a un portfolio de herramientas y servicios exclusivos que mejoran nuestra excelencia en los proyectos y trabajos que desarrollamos para nuestros clientes.\u00a0<\/p>\t\t\t\t\t\t\t\t<\/div>\n\t\t\t\t<\/div>\n\t\t\t\t<\/div>\n\t\t\t\t\t<\/div>\n\t\t\t\t<\/div>\n\t\t\t\t<\/div>\n\t\t","protected":false},"excerpt":{"rendered":"<p>Certificaciones Comprometidos con la calidad y el medio ambiente Con el firme compromiso de ofrecer los mejores servicios a nuestros clientes y de mantener nuestras instalaciones y actividades con los m\u00e1ximos est\u00e1ndares de calidad y de una forma sostenible con el medio ambiente, Riegos de Levante Hell\u00edn, S.L. dispone de certificaciones de Seguridad y Salud [&hellip;]<\/p>\n","protected":false},"author":1,"featured_media":0,"parent":0,"menu_order":0,"comment_status":"closed","ping_status":"closed","template":"","meta":{"_monsterinsights_skip_tracking":false,"_monsterinsights_sitenote_active":false,"_monsterinsights_sitenote_note":"","_monsterinsights_sitenote_category":0,"footnotes":""},"class_list":["post-33","page","type-page","status-publish","hentry"],"aioseo_notices":[],"_links":{"self":[{"href":"https:\/\/www.riegosdelevante.com\/index.php\/wp-json\/wp\/v2\/pages\/33","targetHints":{"allow":["GET"]}}],"collection":[{"href":"https:\/\/www.riegosdelevante.com\/index.php\/wp-json\/wp\/v2\/pages"}],"about":[{"href":"https:\/\/www.riegosdelevante.com\/index.php\/wp-json\/wp\/v2\/types\/page"}],"author":[{"embeddable":true,"href":"https:\/\/www.riegosdelevante.com\/index.php\/wp-json\/wp\/v2\/users\/1"}],"replies":[{"embeddable":true,"href":"https:\/\/www.riegosdelevante.com\/index.php\/wp-json\/wp\/v2\/comments?post=33"}],"version-history":[{"count":66,"href":"https:\/\/www.riegosdelevante.com\/index.php\/wp-json\/wp\/v2\/pages\/33\/revisions"}],"predecessor-version":[{"id":3141,"href":"https:\/\/www.riegosdelevante.com\/index.php\/wp-json\/wp\/v2\/pages\/33\/revisions\/3141"}],"wp:attachment":[{"href":"https:\/\/www.riegosdelevante.com\/index.php\/wp-json\/wp\/v2\/media?parent=33"}],"curies":[{"name":"wp","href":"https:\/\/api.w.org\/{rel}","templated":true}]}}