{"id":44,"date":"2024-03-25T08:40:35","date_gmt":"2024-03-25T08:40:35","guid":{"rendered":"http:\/\/www.riegosdelevante.com\/?page_id=44"},"modified":"2024-04-11T16:56:43","modified_gmt":"2024-04-11T16:56:43","slug":"politica-de-cookies","status":"publish","type":"page","link":"https:\/\/www.riegosdelevante.com\/index.php\/politica-de-cookies\/","title":{"rendered":"Pol\u00edtica de Cookies"},"content":{"rendered":"\t\t<div data-elementor-type=\"wp-page\" data-elementor-id=\"44\" class=\"elementor elementor-44\" data-elementor-settings=\"{&quot;ha_cmc_init_switcher&quot;:&quot;no&quot;}\" data-elementor-post-type=\"page\">\n\t\t\t\t<div class=\"elementor-element elementor-element-771102b e-flex e-con-boxed e-con e-parent\" data-id=\"771102b\" data-element_type=\"container\" data-e-type=\"container\" data-settings=\"{&quot;background_background&quot;:&quot;classic&quot;,&quot;shape_divider_bottom&quot;:&quot;arrow&quot;,&quot;shape_divider_bottom_negative&quot;:&quot;yes&quot;,&quot;_ha_eqh_enable&quot;:false}\">\n\t\t\t\t\t<div class=\"e-con-inner\">\n\t\t\t\t<div class=\"elementor-shape elementor-shape-bottom\" aria-hidden=\"true\" data-negative=\"true\">\n\t\t\t<svg xmlns=\"http:\/\/www.w3.org\/2000\/svg\" viewBox=\"0 0 700 10\" preserveAspectRatio=\"none\">\n\t<path class=\"elementor-shape-fill\" d=\"M360 0L350 9.9 340 0 0 0 0 10 700 10 700 0\"\/>\n<\/svg>\t\t<\/div>\n\t\t<div class=\"elementor-element elementor-element-f912967 e-flex e-con-boxed e-con e-child\" data-id=\"f912967\" data-element_type=\"container\" data-e-type=\"container\" data-settings=\"{&quot;_ha_eqh_enable&quot;:false}\">\n\t\t\t\t\t<div class=\"e-con-inner\">\n\t\t\t\t<div class=\"elementor-element elementor-element-e1c2d8e elementor-widget elementor-widget-text-editor\" data-id=\"e1c2d8e\" data-element_type=\"widget\" data-e-type=\"widget\" data-widget_type=\"text-editor.default\">\n\t\t\t\t<div class=\"elementor-widget-container\">\n\t\t\t\t\t\t\t\t\t<p>Pol\u00edtica de Cookies<\/p>\t\t\t\t\t\t\t\t<\/div>\n\t\t\t\t<\/div>\n\t\t\t\t\t<\/div>\n\t\t\t\t<\/div>\n\t\t<div class=\"elementor-element elementor-element-7fdfb17 e-flex e-con-boxed e-con e-child\" data-id=\"7fdfb17\" data-element_type=\"container\" data-e-type=\"container\" data-settings=\"{&quot;_ha_eqh_enable&quot;:false}\">\n\t\t\t\t\t<div class=\"e-con-inner\">\n\t\t\t\t<div class=\"elementor-element elementor-element-90bbba1 elementor-widget elementor-widget-text-editor\" data-id=\"90bbba1\" data-element_type=\"widget\" data-e-type=\"widget\" data-widget_type=\"text-editor.default\">\n\t\t\t\t<div class=\"elementor-widget-container\">\n\t\t\t\t\t\t\t\t\t<p>Pol\u00edtica de Cookies del sitio web www.riegosdelevante.com<\/p>\t\t\t\t\t\t\t\t<\/div>\n\t\t\t\t<\/div>\n\t\t\t\t\t<\/div>\n\t\t\t\t<\/div>\n\t\t\t\t\t<\/div>\n\t\t\t\t<\/div>\n\t\t<div class=\"elementor-element elementor-element-9f6468c e-flex e-con-boxed e-con e-parent\" data-id=\"9f6468c\" data-element_type=\"container\" data-e-type=\"container\" data-settings=\"{&quot;_ha_eqh_enable&quot;:false}\">\n\t\t\t\t\t<div class=\"e-con-inner\">\n\t\t\t\t<div class=\"elementor-element elementor-element-444ed5d elementor-widget elementor-widget-text-editor\" data-id=\"444ed5d\" data-element_type=\"widget\" data-e-type=\"widget\" data-widget_type=\"text-editor.default\">\n\t\t\t\t<div class=\"elementor-widget-container\">\n\t\t\t\t\t\t\t\t\t<p><strong>\u00bfQu\u00e9 son las cookies?<\/strong><br \/>En ingl\u00e9s, el t\u00e9rmino \u201ccookie\u201d significa galleta, pero en el \u00e1mbito de la navegaci\u00f3n web, una \u201ccookie\u201d es algo completamente distinto.<\/p><p>Cuando accedes a nuestra web, en el navegador de tu dispositivo se almacena una peque\u00f1a cantidad de texto que se denomina \u201ccookie\u201d. Este texto contiene informaci\u00f3n variada sobre tu navegaci\u00f3n, h\u00e1bitos, preferencias, personalizaciones de contenidos, etc\u2026<\/p><p>Existen otras tecnolog\u00edas que funcionan de manera similar y que tambi\u00e9n se usan para recopilar datos sobre tu actividad de navegaci\u00f3n. Llamaremos \u201ccookies\u201d a todas estas tecnolog\u00edas en su conjunto.<br \/>Los usos concretos que hacemos de estas tecnolog\u00edas se describen en el presente documento.<\/p><p><strong>\u00bfPara qu\u00e9 se utilizan las cookies en esta web?<\/strong><br \/>Las cookies son una parte esencial de c\u00f3mo funciona nuestro sitio web. El objetivo principal de nuestras cookies es mejorar tu experiencia en la navegaci\u00f3n. Por ejemplo, para recordar tus preferencias (idioma, pa\u00eds, etc.) durante la navegaci\u00f3n y en futuras visitas. La informaci\u00f3n recogida en las cookies nos permite adem\u00e1s mejorar la web, adaptarla a tus intereses como usuario, acelerar las b\u00fasquedas que realices, etc..<\/p><p>En determinados casos, si hemos obtenido tu previo consentimiento informado, podremos utilizar cookies para otros usos, como por ejemplo para obtener informaci\u00f3n que nos permita mostrarte publicidad basada en el an\u00e1lisis de tus h\u00e1bitos de navegaci\u00f3n.<\/p><p><strong>\u00bfPara qu\u00e9 NO se utilizan las cookies en esta web?<\/strong><br \/>En las cookies que utilizamos no se almacena informaci\u00f3n sensible de identificaci\u00f3n personal como tu nombre, direcci\u00f3n, tu contrase\u00f1a, etc\u2026<\/p><p><strong>\u00bfQui\u00e9n utiliza la informaci\u00f3n almacenada en las cookies?<\/strong><br \/>La informaci\u00f3n almacenada en las cookies de nuestro sitio web es utilizada exclusivamente por nosotros, a excepci\u00f3n de aquellas identificadas m\u00e1s adelante como \u00abcookie de terceros\u00bb, que son utilizadas y gestionadas por entidades externas que nos proporcionan servicios que mejoran la experiencia del usuario. Por ejemplo las estad\u00edsticas que se recogen sobre el n\u00famero de visitas, el contenido que m\u00e1s gusta, etc\u2026 lo suele gestionar GOOGLE ANALYTICS .<\/p><p>Las cookies de terceros tambi\u00e9n se suelen utilizar para garantizar las operaciones de pago realizadas a trav\u00e9s de la web.<\/p><p><strong>\u00bfC\u00f3mo puedo evitar el uso de cookies en este sitio web?<\/strong><br \/>Si prefieres evitar el uso de las cookies, puedes RECHAZAR su uso o puedes CONFIGURAR\u00a0las que quieres evitar y las que permites utilizar (en este documento te damos informaci\u00f3n ampliada al respecto de cada tipo de cookie, su finalidad, destinatario, temporalidad, etc\u2026 ).<\/p><p>Si las has aceptado, no volveremos a preguntarte a menos que borres las cookies en tu dispositivo seg\u00fan se indica en el apartado siguiente.<\/p><p>Si quieres revocar el consentimiento tendr\u00e1s que eliminar las cookies y volver a configurarlas.<\/p><p><strong>\u00bfC\u00f3mo deshabilito y elimino la utilizaci\u00f3n de cookies?<\/strong><br \/>Para restringir, bloquear o borrar las cookies de este sitio web (y las usada por terceros) puedes hacerlo, en cualquier momento, modificando la configuraci\u00f3n de tu navegador. Ten en cuenta que esta configuraci\u00f3n es diferente en cada navegador, si bien es habitual encontrar la configuraci\u00f3n de cookies en el men\u00fa \u00abPreferencias\u00bb \u00abHerramientas\u00bb \u201cOpciones\u201d y despu\u00e9s en \u201cPrivacidad y Seguridad\u201d \u00f3 en \u201cborrar datos de navegaci\u00f3n\u201d, etc\u2026<\/p><p>Para m\u00e1s detalle sobre la configuraci\u00f3n de las cookies en cada navegador, puedes consultar el men\u00fa \u00abAyuda\u00bb del mismo.<\/p><p><strong>\u00bfQu\u00e9 tipos de cookies se utilizan?<\/strong><br \/>Cada p\u00e1gina web utiliza sus propias cookies. Existen las siguientes cookies:<\/p><p><strong>Seg\u00fan la entidad que lo gestiona:<\/strong><\/p><ul><li><strong>Cookies propias:<\/strong>\u00a0son aquellas que se env\u00edan al equipo terminal del usuario desde un equipo o dominio gestionado por el propio editor y desde el que se presta el servicio solicitado por el usuario.<\/li><li><strong>Cookies de terceros:<\/strong>\u00a0son aquellas que se env\u00edan al equipo terminal del usuario desde un equipo o dominio que no es gestionado por el editor, sino por otra entidad que trata los datos obtenidos trav\u00e9s de las cookies.<br \/>En el caso de que las cookies sean servidas desde un equipo o dominio gestionado por el propio editor, pero la informaci\u00f3n que se recoja mediante estas sea gestionada por un tercero, no pueden ser consideradas como cookies propias si el tercero las utiliza para sus propias finalidades (por ejemplo, la mejora de los servicios que presta o la prestaci\u00f3n de servicios de car\u00e1cter publicitario a favor de otras entidades).<\/li><\/ul><p><strong>\u00a0<\/strong><\/p><p><strong>Seg\u00fan su finalidad:<\/strong><\/p><ul><li><strong>Cookies t\u00e9cnicas (esenciales):<\/strong>\u00a0son aquellas necesarias para la navegaci\u00f3n y el buen funcionamiento de nuestra p\u00e1gina web, como por ejemplo, controlar el tr\u00e1fico y la comunicaci\u00f3n de datos, identificar la sesi\u00f3n, acceder a partes de acceso restringido, recordar los elementos que integran un pedido, realizar el proceso de compra de un pedido, gestionar el pago, controlar el fraude vinculado a la seguridad del servicio, realizar la solicitud de inscripci\u00f3n o participaci\u00f3n en un evento, contar visitas a efectos de la facturaci\u00f3n de licencias del software con el que funciona el servicio (sitio web, plataforma o aplicaci\u00f3n), utilizar elementos de seguridad durante la navegaci\u00f3n, almacenar contenidos para la difusi\u00f3n de v\u00eddeos o sonido, habilitar contenidos din\u00e1micos (por ejemplo, animaci\u00f3n de carga de un texto o imagen) o compartir contenidos a trav\u00e9s de redes sociales.<\/li><li>\u00a0<strong>Cookies de an\u00e1lisis:<\/strong>\u00a0permiten cuantificar el n\u00famero de usuarios y as\u00ed realizar la medici\u00f3n y an\u00e1lisis estad\u00edstico de la utilizaci\u00f3n que hacen los usuarios del servicio ofertado. Para ello se analiza su navegaci\u00f3n en nuestra p\u00e1gina web con el fin de mejorar la oferta de productos o servicios que le ofrecemos.<\/li><li><strong>Cookies de preferencias o personalizaci\u00f3n:<\/strong>\u00a0son aquellas que permiten recordar informaci\u00f3n para que el usuario acceda al servicio con determinadas caracter\u00edsticas que pueden diferenciar su experiencia de la de otros usuarios, como, por ejemplo, el idioma, el n\u00famero de resultados a mostrar cuando el usuario realiza una b\u00fasqueda, el aspecto o contenido del servicio en funci\u00f3n del tipo de navegador a trav\u00e9s del cual el usuario accede al servicio o de la regi\u00f3n desde la que accede al servicio, etc.<\/li><li>\u00a0<strong>Publicitarias comportamentales:<\/strong>\u00a0son aquellas que, tratadas por nosotros o por terceros, nos permiten analizar sus h\u00e1bitos de navegaci\u00f3n en Internet para que podamos mostrarle publicidad relacionada con su perfil de navegaci\u00f3n.<\/li><\/ul><p><strong>\u00a0<\/strong><\/p><p><strong>Seg\u00fan el plazo de tiempo que permanecen activadas:<\/strong><\/p><ul><li><strong>Cookies de sesi\u00f3n:<\/strong>\u00a0son aquellas dise\u00f1adas para recabar y almacenar datos mientras el usuario accede a una p\u00e1gina web. Se suelen emplear para almacenar informaci\u00f3n que solo interesa conservar para la prestaci\u00f3n del servicio solicitado por el usuario en una sola ocasi\u00f3n (por ejemplo, una lista de productos adquiridos) y desaparecen al terminar la sesi\u00f3n.<\/li><li><strong>Cookies persistentes:<\/strong>\u00a0son aquellas en las que los datos siguen almacenados en el terminal y pueden ser accedidos y tratados durante un periodo definido por el responsable de la cookie, y que puede ir de unos minutos a varios a\u00f1os. A este respecto debe valorarse espec\u00edficamente si es necesaria la utilizaci\u00f3n de cookies persistentes, puesto que los riesgos para la privacidad podr\u00edan reducirse mediante la utilizaci\u00f3n de cookies de sesi\u00f3n. En todo caso, cuando se instalen cookies persistentes, se recomienda reducir al m\u00ednimo necesario su duraci\u00f3n temporal atendiendo a la finalidad de su uso. A estos efectos, el Dictamen 4\/2012 del GT29 indic\u00f3 que para que una cookie pueda estar exenta del deber de consentimiento informado, su caducidad debe estar relacionada con su finalidad. Debido a ello, es mucho m\u00e1s probable que se consideren como exceptuadas las cookies de sesi\u00f3n que las persistentes.<\/li><\/ul><p>A continuaci\u00f3n, mostramos el listado de cookies Propias y de Terceros de esta web:<\/p><p><strong>wordpress_sec_\u00a0 \/ wordpress_logged_in\u00a0<\/strong><\/p><ul><li>Categor\u00eda: T\u00e9cnica<\/li><li>Descripci\u00f3n: Se utiliza como clave para controlar el acceso de un usuario al servicio de WordPress.<\/li><li>Duraci\u00f3n: Sesi\u00f3n<\/li><\/ul><p><strong>\u00a0<\/strong><\/p><p><strong>wp-settings-1\/wp-settings-time-1\/ wp-settings-2\/wp-settings-time-2<\/strong><\/p><ul><li>Categor\u00eda: Personalizaci\u00f3n<\/li><li>Descripci\u00f3n: Estas cookies son utilizadas por WordPress para personalizar la Interfaz de Usuario.<\/li><li>Duraci\u00f3n: 1 d\u00eda<\/li><\/ul><p><strong>\u00a0<\/strong><\/p><p><strong>wordpress_test_cookie<\/strong><\/p><ul><li>Categor\u00eda: propia, t\u00e9cnica y de sesi\u00f3n.<\/li><li>Descripci\u00f3n: Esta cookie se usa para que el gestor de contenidos WordPress compruebe si el navegador tiene las cookies activadas<\/li><li>Duraci\u00f3n: sesi\u00f3n<\/li><\/ul><div>\u00a0<\/div><div><strong>burst_uid<\/strong><\/div><div>\u00a0<\/div><ul><li>Categor\u00eda: cookie de an\u00e1lisis<\/li><li>Descripci\u00f3n: almacenar y realizar un seguimiento de la interacci\u00f3n<\/li><li>Duraci\u00f3n: 1 mes<\/li><\/ul><div>\u00a0<\/div><div><strong>cmplz_banner-status<\/strong><\/div><div><strong>\u00a0<\/strong><\/div><ul><li>Categor\u00eda: funcional<\/li><li>Descripci\u00f3n: sirve para almacenar si el consentimiento de cookies ha sido rechazado<\/li><li>Duraci\u00f3n: 1 a\u00f1o<\/li><\/ul><div>\u00a0<\/div><div><strong>cmplz_consented_services \/ cmplz_functional \/ cmplz_marketing \/ cmplz_preferences \/ cmplz_statistics<\/strong><\/div><div>\u00a0<\/div><ul><li>Categor\u00eda: funcional<\/li><li>Descripci\u00f3n: Sirve para almacenar las preferencias del consentimiento de cookies<\/li><li>Duraci\u00f3n: 1 a\u00f1o<\/li><\/ul><div>\u00a0<\/div><div><div><strong>cmplz_policy_id<\/strong><\/div><div>\u00a0<\/div><ul><li>Categor\u00eda: funcional<\/li><li>Descripci\u00f3n: Sirve para almacenar la identificaci\u00f3n de la pol\u00edtica de cookies aceptada<\/li><li>Duraci\u00f3n: 1 a\u00f1o<\/li><\/ul><div>\u00a0<\/div><div><div><strong>cmplz_policy_id<\/strong><\/div><div>\u00a0<\/div><ul><li>Categor\u00eda: funcional<\/li><li>Descripci\u00f3n: Sirve para almacenar la identificaci\u00f3n de la pol\u00edtica de cookies aceptada<\/li><li>Duraci\u00f3n: 1 a\u00f1o<\/li><\/ul><div>\u00a0<span style=\"color: var( --e-global-color-text ); font-family: var( --e-global-typography-text-font-family ), Sans-serif; font-weight: var( --e-global-typography-text-font-weight ); text-align: var(--text-align); font-size: 1rem;\">\u00a0<\/span><\/div><\/div><\/div><div><p><strong>Aceptaci\u00f3n de la Pol\u00edtica de cookies<\/strong><\/p><\/div><div><p>\u00a0www.riegosdelevante.com asume que usted acepta el uso de cookies. No obstante, muestra informaci\u00f3n sobre su Pol\u00edtica de cookies en la parte inferior de cualquier p\u00e1gina del portal con el objeto de que usted sea consciente. Tambi\u00e9n muestra un banner con el que es posible llevar a cabo las siguientes acciones:<\/p><\/div><div>\u00a0&#8211;<strong>Aceptar cookies<\/strong>. No se volver\u00e1 a visualizar este aviso al acceder a cualquier p\u00e1gina del portal durante la presente sesi\u00f3n.<br \/>\u00a0&#8211;<strong>Modificar su configuraci\u00f3n<\/strong>. Podr\u00e1 obtener m\u00e1s informaci\u00f3n sobre qu\u00e9 son las cookies, conocer la Pol\u00edtica de cookies de www.riegosdelevante.com y modificar la configuraci\u00f3n de la aceptaci\u00f3n de cookies.\u00a0<\/div><div>\u00a0&#8211;<strong>Rechazar cookies<\/strong>. Se ofrece esta opci\u00f3n de rechazo expl\u00edcito de todas las cookies de terceros y no imprescindibles para el correcto funcionamiento de la p\u00e1gina.<\/div><div>\u00a0<\/div>\t\t\t\t\t\t\t\t<\/div>\n\t\t\t\t<\/div>\n\t\t\t\t\t<\/div>\n\t\t\t\t<\/div>\n\t\t\t\t<\/div>\n\t\t","protected":false},"excerpt":{"rendered":"<p>Pol\u00edtica de Cookies Pol\u00edtica de Cookies del sitio web www.riegosdelevante.com \u00bfQu\u00e9 son las cookies?En ingl\u00e9s, el t\u00e9rmino \u201ccookie\u201d significa galleta, pero en el \u00e1mbito de la navegaci\u00f3n web, una \u201ccookie\u201d es algo completamente distinto. Cuando accedes a nuestra web, en el navegador de tu dispositivo se almacena una peque\u00f1a cantidad de texto que se denomina [&hellip;]<\/p>\n","protected":false},"author":1,"featured_media":0,"parent":0,"menu_order":0,"comment_status":"closed","ping_status":"closed","template":"","meta":{"_monsterinsights_skip_tracking":false,"_monsterinsights_sitenote_active":false,"_monsterinsights_sitenote_note":"","_monsterinsights_sitenote_category":0,"footnotes":""},"class_list":["post-44","page","type-page","status-publish","hentry"],"aioseo_notices":[],"_links":{"self":[{"href":"https:\/\/www.riegosdelevante.com\/index.php\/wp-json\/wp\/v2\/pages\/44","targetHints":{"allow":["GET"]}}],"collection":[{"href":"https:\/\/www.riegosdelevante.com\/index.php\/wp-json\/wp\/v2\/pages"}],"about":[{"href":"https:\/\/www.riegosdelevante.com\/index.php\/wp-json\/wp\/v2\/types\/page"}],"author":[{"embeddable":true,"href":"https:\/\/www.riegosdelevante.com\/index.php\/wp-json\/wp\/v2\/users\/1"}],"replies":[{"embeddable":true,"href":"https:\/\/www.riegosdelevante.com\/index.php\/wp-json\/wp\/v2\/comments?post=44"}],"version-history":[{"count":55,"href":"https:\/\/www.riegosdelevante.com\/index.php\/wp-json\/wp\/v2\/pages\/44\/revisions"}],"predecessor-version":[{"id":1484,"href":"https:\/\/www.riegosdelevante.com\/index.php\/wp-json\/wp\/v2\/pages\/44\/revisions\/1484"}],"wp:attachment":[{"href":"https:\/\/www.riegosdelevante.com\/index.php\/wp-json\/wp\/v2\/media?parent=44"}],"curies":[{"name":"wp","href":"https:\/\/api.w.org\/{rel}","templated":true}]}}